{"id":90,"date":"2021-12-09T16:19:25","date_gmt":"2021-12-09T16:19:25","guid":{"rendered":"https:\/\/proyectos.crue.org\/acreditacion\/?page_id=90"},"modified":"2026-02-19T12:11:22","modified_gmt":"2026-02-19T12:11:22","slug":"contacto-2","status":"publish","type":"page","link":"https:\/\/proyectos.crue.org\/acreditacion\/contacto-2\/","title":{"rendered":"Contacto"},"content":{"rendered":"\n<ul class=\"wp-block-list\">\n<li>Contacto Acreditaci\u00f3n en Idiomas<\/li>\n\n\n\n<li>Para consultas, peticiones o sugerencias en materia de acreditaci\u00f3n de idiomas, rogamos contacte con nosotros a trav\u00e9s de la direcci\u00f3n de correo electr\u00f3nico\u00a0<a href=\"mailto:acreditacionenidiomas@crue.org\"><u>acreditacionenidiomas@crue.org<\/u><\/a><\/li>\n\n\n\n<li>La\u00a0fecha l\u00edmite de recepci\u00f3n de solicitudes\u00a0por parte de las Mesas Ling\u00fc\u00edsticas ser\u00e1 el\u00a01 de diciembre\u00a0y el\u00a01 de\u00a0abril.<\/li>\n\n\n\n<li>Tras la recepci\u00f3n de consultas, la Mesa Ling\u00fc\u00edstica correspondiente estudiar\u00e1 y dar\u00e1 respuesta a las mismas antes de las fechas acordadas para la actualizaci\u00f3n de las tablas de certificados aceptados por Crue Universidades Espa\u00f1olas. La\u00a0actualizaci\u00f3n de estas tablas\u00a0se llevar\u00e1 a cabo en las siguientes fechas del a\u00f1o: el\u00a01 de\u00a0febrero\u00a0y el\u00a01 de junio.<\/li>\n<\/ul>\n\n\n\n<p><strong><a href=\"https:\/\/proyectos.crue.org\/acreditacion\/wp-content\/uploads\/sites\/3\/2022\/02\/MEMORIA_propuesta.pdf\">Memoria<\/a><\/strong><\/p>\n","protected":false},"excerpt":{"rendered":"<p>Memoria<\/p>\n","protected":false},"author":4,"featured_media":0,"parent":0,"menu_order":0,"comment_status":"closed","ping_status":"closed","template":"","meta":{"_acf_changed":false,"footnotes":""},"class_list":["post-90","page","type-page","status-publish","hentry"],"acf":[],"_links":{"self":[{"href":"https:\/\/proyectos.crue.org\/acreditacion\/wp-json\/wp\/v2\/pages\/90","targetHints":{"allow":["GET"]}}],"collection":[{"href":"https:\/\/proyectos.crue.org\/acreditacion\/wp-json\/wp\/v2\/pages"}],"about":[{"href":"https:\/\/proyectos.crue.org\/acreditacion\/wp-json\/wp\/v2\/types\/page"}],"author":[{"embeddable":true,"href":"https:\/\/proyectos.crue.org\/acreditacion\/wp-json\/wp\/v2\/users\/4"}],"replies":[{"embeddable":true,"href":"https:\/\/proyectos.crue.org\/acreditacion\/wp-json\/wp\/v2\/comments?post=90"}],"version-history":[{"count":2,"href":"https:\/\/proyectos.crue.org\/acreditacion\/wp-json\/wp\/v2\/pages\/90\/revisions"}],"predecessor-version":[{"id":317,"href":"https:\/\/proyectos.crue.org\/acreditacion\/wp-json\/wp\/v2\/pages\/90\/revisions\/317"}],"wp:attachment":[{"href":"https:\/\/proyectos.crue.org\/acreditacion\/wp-json\/wp\/v2\/media?parent=90"}],"curies":[{"name":"wp","href":"https:\/\/api.w.org\/{rel}","templated":true}]}}