{"id":83,"date":"2021-12-09T15:55:59","date_gmt":"2021-12-09T15:55:59","guid":{"rendered":"https:\/\/proyectos.crue.org\/acreditacion\/?page_id=83"},"modified":"2025-11-13T16:42:30","modified_gmt":"2025-11-13T16:42:30","slug":"portugues","status":"publish","type":"page","link":"https:\/\/proyectos.crue.org\/acreditacion\/portugues\/","title":{"rendered":"Portugu\u00e9s"},"content":{"rendered":"\n<p>Portugu\u00e9s&nbsp;\u200b- Composici\u00f3n de la mesa\u200b<\/p>\n\n\n\n<figure class=\"wp-block-table is-style-crue-tabla-franjas-remarcada\"><table><tbody><tr><td>D.&nbsp;Juan M\u00aa Carrasco Gonz\u00e1lez&nbsp;\u200b&nbsp;(coordinador)<br>Universidad de Extremadura<\/td><\/tr><tr><td>D.&nbsp;Pedro Emmanuel Rosa Grincho Serra<br>Universidad de Salamanca<\/td><\/tr><tr><td>D.&nbsp;Burghard Baltrusch<br>Universidade de&nbsp;Vigo<\/td><\/tr><tr><td>D. Jos\u00e9 Luis Forneiro&nbsp; P\u00e9rez<br>Universidade de Santiago de Compostela<\/td><\/tr><tr><td>D\u00f1a. Filipa Mar\u00eda Valido Viegas de Paula Soares\u200b<br>Instituto Cam\u00f5es en Espa\u00f1a<\/td><\/tr><\/tbody><\/table><figcaption class=\"wp-element-caption\">Recomendaci\u00f3n: *CRUE solo considera como v\u00e1lidos los ex\u00e1menes realizados de forma presencial<\/figcaption><\/figure>\n\n\n\n<p><a href=\"https:\/\/proyectos.crue.org\/acreditacion\/wp-content\/uploads\/sites\/3\/2024\/07\/Tabla-Equivalencia-Certificados-Portugues.pdf\" target=\"_blank\" rel=\"noreferrer noopener\"><strong>Certificados para la acreditaci\u00f3n de niveles de&nbsp;portugu\u00e9s<\/strong><\/a><\/p>\n","protected":false},"excerpt":{"rendered":"<p>Portugu\u00e9s&nbsp;\u200b- Composici\u00f3n de la mesa\u200b D.&nbsp;Juan M\u00aa Carrasco Gonz\u00e1lez&nbsp;\u200b&nbsp;(coordinador)Universidad de Extremadura D.&nbsp;Pedro Emmanuel Rosa Grincho SerraUniversidad de Salamanca D.&nbsp;Burghard BaltruschUniversidade de&nbsp;Vigo D. Jos\u00e9 Luis Forneiro&nbsp; P\u00e9rezUniversidade de Santiago de Compostela D\u00f1a. Filipa Mar\u00eda Valido Viegas de Paula Soares\u200bInstituto Cam\u00f5es en Espa\u00f1a Recomendaci\u00f3n: *CRUE solo considera como v\u00e1lidos los ex\u00e1menes realizados de forma presencial Certificados para &hellip; <\/p>\n<p class=\"link-more\"><a href=\"https:\/\/proyectos.crue.org\/acreditacion\/portugues\/\" class=\"more-link\">Continuar leyendo<span class=\"screen-reader-text\"> \u00abPortugu\u00e9s\u00bb<\/span><\/a><\/p>\n","protected":false},"author":4,"featured_media":0,"parent":0,"menu_order":0,"comment_status":"closed","ping_status":"closed","template":"","meta":{"_acf_changed":false,"footnotes":""},"class_list":["post-83","page","type-page","status-publish","hentry"],"acf":[],"_links":{"self":[{"href":"https:\/\/proyectos.crue.org\/acreditacion\/wp-json\/wp\/v2\/pages\/83","targetHints":{"allow":["GET"]}}],"collection":[{"href":"https:\/\/proyectos.crue.org\/acreditacion\/wp-json\/wp\/v2\/pages"}],"about":[{"href":"https:\/\/proyectos.crue.org\/acreditacion\/wp-json\/wp\/v2\/types\/page"}],"author":[{"embeddable":true,"href":"https:\/\/proyectos.crue.org\/acreditacion\/wp-json\/wp\/v2\/users\/4"}],"replies":[{"embeddable":true,"href":"https:\/\/proyectos.crue.org\/acreditacion\/wp-json\/wp\/v2\/comments?post=83"}],"version-history":[{"count":9,"href":"https:\/\/proyectos.crue.org\/acreditacion\/wp-json\/wp\/v2\/pages\/83\/revisions"}],"predecessor-version":[{"id":297,"href":"https:\/\/proyectos.crue.org\/acreditacion\/wp-json\/wp\/v2\/pages\/83\/revisions\/297"}],"wp:attachment":[{"href":"https:\/\/proyectos.crue.org\/acreditacion\/wp-json\/wp\/v2\/media?parent=83"}],"curies":[{"name":"wp","href":"https:\/\/api.w.org\/{rel}","templated":true}]}}