{"id":68,"date":"2021-12-09T15:49:20","date_gmt":"2021-12-09T15:49:20","guid":{"rendered":"https:\/\/proyectos.crue.org\/acreditacion\/?page_id=68"},"modified":"2026-01-30T08:33:12","modified_gmt":"2026-01-30T08:33:12","slug":"ingles","status":"publish","type":"page","link":"https:\/\/proyectos.crue.org\/acreditacion\/ingles\/","title":{"rendered":"Ingl\u00e9s"},"content":{"rendered":"\n<p>Ingl\u00e9s&nbsp;\u200b- Composici\u00f3n de la mesa\u200b<\/p>\n\n\n\n<figure class=\"wp-block-table is-style-crue-tabla-franjas-remarcada\"><table><tbody><tr><td>D.&nbsp;Luis Alberto L\u00e1zaro Lafuente&nbsp;(coordinador)<br>Universidad de Alcal\u00e1<\/td><\/tr><tr><td>D. V\u00edctor Pav\u00f3n V\u00e1zquez&nbsp;<br>Universidad de C\u00f3rdoba<\/td><\/tr><tr><td>D\u00f1a. Soraya Garc\u00eda S\u00e1nchez<br>Universidad de Las Palmas de Gran Canaria<\/td><\/tr><tr><td>D. Ignacio M. Palacios Mart\u00ednez&nbsp;<br>Universidade de Santiago de Compostela<\/td><\/tr><tr><td>  D\u00f1a. Cristina P\u00e9rez Guillot&nbsp;<br>Representante de ACLES<\/td><\/tr><tr><td>D. Jon Kear<br>British Council en Espa\u00f1a&nbsp;<\/td><\/tr><\/tbody><\/table><figcaption class=\"wp-element-caption\">Recomendaci\u00f3n: *CRUE solo considera como v\u00e1lidos los ex\u00e1menes realizados de forma presencial<\/figcaption><\/figure>\n\n\n\n<p><strong><a href=\"https:\/\/proyectos.crue.org\/acreditacion\/wp-content\/uploads\/sites\/3\/2026\/01\/tabla_equivalencias_ingles_19_01_2026.pdf\">Certificados para la acreditaci\u00f3n de niveles de ingl\u00e9s\u00a0<\/a><\/strong><\/p>\n\n\n\n<p><\/p>\n","protected":false},"excerpt":{"rendered":"<p>Ingl\u00e9s&nbsp;\u200b- Composici\u00f3n de la mesa\u200b D.&nbsp;Luis Alberto L\u00e1zaro Lafuente&nbsp;(coordinador)Universidad de Alcal\u00e1 D. V\u00edctor Pav\u00f3n V\u00e1zquez&nbsp;Universidad de C\u00f3rdoba D\u00f1a. Soraya Garc\u00eda S\u00e1nchezUniversidad de Las Palmas de Gran Canaria D. Ignacio M. Palacios Mart\u00ednez&nbsp;Universidade de Santiago de Compostela D\u00f1a. Cristina P\u00e9rez Guillot&nbsp;Representante de ACLES D. Jon KearBritish Council en Espa\u00f1a&nbsp; Recomendaci\u00f3n: *CRUE solo considera como v\u00e1lidos los &hellip; <\/p>\n<p class=\"link-more\"><a href=\"https:\/\/proyectos.crue.org\/acreditacion\/ingles\/\" class=\"more-link\">Continuar leyendo<span class=\"screen-reader-text\"> \u00abIngl\u00e9s\u00bb<\/span><\/a><\/p>\n","protected":false},"author":4,"featured_media":0,"parent":0,"menu_order":0,"comment_status":"closed","ping_status":"closed","template":"","meta":{"_acf_changed":false,"footnotes":""},"class_list":["post-68","page","type-page","status-publish","hentry"],"acf":[],"_links":{"self":[{"href":"https:\/\/proyectos.crue.org\/acreditacion\/wp-json\/wp\/v2\/pages\/68","targetHints":{"allow":["GET"]}}],"collection":[{"href":"https:\/\/proyectos.crue.org\/acreditacion\/wp-json\/wp\/v2\/pages"}],"about":[{"href":"https:\/\/proyectos.crue.org\/acreditacion\/wp-json\/wp\/v2\/types\/page"}],"author":[{"embeddable":true,"href":"https:\/\/proyectos.crue.org\/acreditacion\/wp-json\/wp\/v2\/users\/4"}],"replies":[{"embeddable":true,"href":"https:\/\/proyectos.crue.org\/acreditacion\/wp-json\/wp\/v2\/comments?post=68"}],"version-history":[{"count":23,"href":"https:\/\/proyectos.crue.org\/acreditacion\/wp-json\/wp\/v2\/pages\/68\/revisions"}],"predecessor-version":[{"id":308,"href":"https:\/\/proyectos.crue.org\/acreditacion\/wp-json\/wp\/v2\/pages\/68\/revisions\/308"}],"wp:attachment":[{"href":"https:\/\/proyectos.crue.org\/acreditacion\/wp-json\/wp\/v2\/media?parent=68"}],"curies":[{"name":"wp","href":"https:\/\/api.w.org\/{rel}","templated":true}]}}