{"id":59,"date":"2021-11-24T10:57:35","date_gmt":"2021-11-24T10:57:35","guid":{"rendered":"https:\/\/crue-mu.esferize.com\/?page_id=59"},"modified":"2025-11-13T16:37:15","modified_gmt":"2025-11-13T16:37:15","slug":"frances","status":"publish","type":"page","link":"https:\/\/proyectos.crue.org\/acreditacion\/frances\/","title":{"rendered":"Franc\u00e9s"},"content":{"rendered":"\n<p>Franc\u00e9s&nbsp;&#8211; Composici\u00f3n de la mesa<\/p>\n\n\n\n<figure class=\"wp-block-table is-style-crue-tabla-franjas-remarcada\"><table><tbody><tr><td>D\u00f1a. Mercedes Sanz Gil&nbsp;(coordinadora)<br>Universitat&nbsp;Jaume I&nbsp;<\/td><\/tr><tr><td>D. Domingo Pujante Gonz\u00e1lez<br>Universitat de Val\u00e8ncia<\/td><\/tr><tr><td>D\u00f1a. Justine Mart\u00edn &nbsp;<br>Universidad de Castilla-La Mancha<\/td><\/tr><tr><td>D. Juan Manuel P\u00e9rez<br>Universidad de Salamanca<\/td><\/tr><tr><td>D\u00f1a. Loreto Cant\u00f3n<br>Representante de ACLES<\/td><\/tr><tr><td>D. Vincent Counil<br>Institut Fran\u00e7ais<\/td><\/tr><\/tbody><\/table><figcaption class=\"wp-element-caption\">Recomendaci\u00f3n: CRUE solo considera como v\u00e1lidos los ex\u00e1menes realizados de forma presencial<\/figcaption><\/figure>\n\n\n\n<p><\/p>\n\n\n\n<p><\/p>\n\n\n\n<p><strong><a href=\"https:\/\/proyectos.crue.org\/acreditacion\/wp-content\/uploads\/sites\/3\/2025\/05\/Tabla-Equivalencia-Certificados-Frances.pdf\">Certificados para la acreditaci\u00f3n de niveles de franc\u00e9s<\/a><\/strong><\/p>\n\n\n\n<p><a href=\"https:\/\/proyectos.crue.org\/acreditacion\/wp-content\/uploads\/sites\/3\/2025\/05\/Table-eiquivalence-ancien-nouveau-DELF-DALF.pdf\"><strong>Equivalencias DELF-DALF<\/strong><\/a><\/p>\n","protected":false},"excerpt":{"rendered":"<p>Franc\u00e9s&nbsp;&#8211; Composici\u00f3n de la mesa D\u00f1a. Mercedes Sanz Gil&nbsp;(coordinadora)Universitat&nbsp;Jaume I&nbsp; D. Domingo Pujante Gonz\u00e1lezUniversitat de Val\u00e8ncia D\u00f1a. Justine Mart\u00edn &nbsp;Universidad de Castilla-La Mancha D. Juan Manuel P\u00e9rezUniversidad de Salamanca D\u00f1a. Loreto Cant\u00f3nRepresentante de ACLES D. Vincent CounilInstitut Fran\u00e7ais Recomendaci\u00f3n: CRUE solo considera como v\u00e1lidos los ex\u00e1menes realizados de forma presencial Certificados para la acreditaci\u00f3n de &hellip; <\/p>\n<p class=\"link-more\"><a href=\"https:\/\/proyectos.crue.org\/acreditacion\/frances\/\" class=\"more-link\">Continuar leyendo<span class=\"screen-reader-text\"> \u00abFranc\u00e9s\u00bb<\/span><\/a><\/p>\n","protected":false},"author":4,"featured_media":0,"parent":0,"menu_order":0,"comment_status":"closed","ping_status":"closed","template":"","meta":{"_acf_changed":false,"footnotes":""},"class_list":["post-59","page","type-page","status-publish","hentry"],"acf":[],"_links":{"self":[{"href":"https:\/\/proyectos.crue.org\/acreditacion\/wp-json\/wp\/v2\/pages\/59","targetHints":{"allow":["GET"]}}],"collection":[{"href":"https:\/\/proyectos.crue.org\/acreditacion\/wp-json\/wp\/v2\/pages"}],"about":[{"href":"https:\/\/proyectos.crue.org\/acreditacion\/wp-json\/wp\/v2\/types\/page"}],"author":[{"embeddable":true,"href":"https:\/\/proyectos.crue.org\/acreditacion\/wp-json\/wp\/v2\/users\/4"}],"replies":[{"embeddable":true,"href":"https:\/\/proyectos.crue.org\/acreditacion\/wp-json\/wp\/v2\/comments?post=59"}],"version-history":[{"count":14,"href":"https:\/\/proyectos.crue.org\/acreditacion\/wp-json\/wp\/v2\/pages\/59\/revisions"}],"predecessor-version":[{"id":290,"href":"https:\/\/proyectos.crue.org\/acreditacion\/wp-json\/wp\/v2\/pages\/59\/revisions\/290"}],"wp:attachment":[{"href":"https:\/\/proyectos.crue.org\/acreditacion\/wp-json\/wp\/v2\/media?parent=59"}],"curies":[{"name":"wp","href":"https:\/\/api.w.org\/{rel}","templated":true}]}}