{"id":53,"date":"2021-11-24T09:32:13","date_gmt":"2021-11-24T09:32:13","guid":{"rendered":"https:\/\/crue-mu.esferize.com\/?page_id=53"},"modified":"2025-11-13T16:53:42","modified_gmt":"2025-11-13T16:53:42","slug":"espanol-como-lengua-extranjera","status":"publish","type":"page","link":"https:\/\/proyectos.crue.org\/acreditacion\/espanol-como-lengua-extranjera\/","title":{"rendered":"Espa\u00f1ol como lengua extranjera"},"content":{"rendered":"\n<p>Espa\u00f1ol como Lengua Extranjera&nbsp;&#8211; Composici\u00f3n de la mesa<\/p>\n\n\n\n<figure class=\"wp-block-table is-style-crue-tabla-franjas-remarcada\"><table><tbody><tr><td class=\"has-text-align-center\" data-align=\"center\">D\u00f1a. Lourdes D\u00edaz Rodr\u00edguez&nbsp;(coordinadora)<br>Universitat Pompeu Fabra<\/td><\/tr><tr><td class=\"has-text-align-center\" data-align=\"center\">D\u00f1a. Ana Blanco Canales<br>Universidad de Alcal\u00e1<\/td><\/tr><tr><td class=\"has-text-align-center\" data-align=\"center\">D\u00f1a. Paula Gozalo G\u00f3mez<br>Universidad Aut\u00f3noma de Madrid<\/td><\/tr><tr><td class=\"has-text-align-center\" data-align=\"center\">D\u00f1a. Marta Blanco Dom\u00ednguez<br>Universidade de Santiago de Compostela<\/td><\/tr><tr><td class=\"has-text-align-center\" data-align=\"center\">D. Adolfo S\u00e1nchez Cuadrado<br>Universidad de Granada<\/td><\/tr><tr><td class=\"has-text-align-center\" data-align=\"center\">D\u00f1a. Juana Sanmart\u00edn V\u00e9lez<br>Representante de ACLES<\/td><\/tr><tr><td class=\"has-text-align-center\" data-align=\"center\">D\u00f1a. In\u00e9s Soria<br>Instituto Cervantes<\/td><\/tr><\/tbody><\/table><figcaption class=\"wp-element-caption\">Recomendaci\u00f3n: *CRUE solo considera como v\u00e1lidos los ex\u00e1menes realizados de forma presencial<\/figcaption><\/figure>\n\n\n\n<p><strong><a href=\"https:\/\/proyectos.crue.org\/acreditacion\/wp-content\/uploads\/sites\/3\/2024\/09\/Tabla-Equivalencia-Certificados-Espanol.pdf\" data-type=\"URL\" data-id=\"https:\/\/proyectos.crue.org\/acreditacion\/wp-content\/uploads\/sites\/3\/2022\/04\/Certificados-para-la-acreditacion-de-niveles-de-espanol.pdf\" target=\"_blank\" rel=\"noreferrer noopener\"><u>Certificados para la acreditaci\u00f3n de niveles de espa\u00f1ol como lengua extranjera<\/u><\/a><\/strong><\/p>\n","protected":false},"excerpt":{"rendered":"<p>Espa\u00f1ol como Lengua Extranjera&nbsp;&#8211; Composici\u00f3n de la mesa D\u00f1a. Lourdes D\u00edaz Rodr\u00edguez&nbsp;(coordinadora)Universitat Pompeu Fabra D\u00f1a. Ana Blanco CanalesUniversidad de Alcal\u00e1 D\u00f1a. Paula Gozalo G\u00f3mezUniversidad Aut\u00f3noma de Madrid D\u00f1a. Marta Blanco Dom\u00ednguezUniversidade de Santiago de Compostela D. Adolfo S\u00e1nchez CuadradoUniversidad de Granada D\u00f1a. Juana Sanmart\u00edn V\u00e9lezRepresentante de ACLES D\u00f1a. In\u00e9s SoriaInstituto Cervantes Recomendaci\u00f3n: *CRUE solo considera &hellip; <\/p>\n<p class=\"link-more\"><a href=\"https:\/\/proyectos.crue.org\/acreditacion\/espanol-como-lengua-extranjera\/\" class=\"more-link\">Continuar leyendo<span class=\"screen-reader-text\"> \u00abEspa\u00f1ol como lengua extranjera\u00bb<\/span><\/a><\/p>\n","protected":false},"author":4,"featured_media":0,"parent":0,"menu_order":0,"comment_status":"closed","ping_status":"closed","template":"","meta":{"_acf_changed":false,"footnotes":""},"class_list":["post-53","page","type-page","status-publish","hentry"],"acf":[],"_links":{"self":[{"href":"https:\/\/proyectos.crue.org\/acreditacion\/wp-json\/wp\/v2\/pages\/53","targetHints":{"allow":["GET"]}}],"collection":[{"href":"https:\/\/proyectos.crue.org\/acreditacion\/wp-json\/wp\/v2\/pages"}],"about":[{"href":"https:\/\/proyectos.crue.org\/acreditacion\/wp-json\/wp\/v2\/types\/page"}],"author":[{"embeddable":true,"href":"https:\/\/proyectos.crue.org\/acreditacion\/wp-json\/wp\/v2\/users\/4"}],"replies":[{"embeddable":true,"href":"https:\/\/proyectos.crue.org\/acreditacion\/wp-json\/wp\/v2\/comments?post=53"}],"version-history":[{"count":11,"href":"https:\/\/proyectos.crue.org\/acreditacion\/wp-json\/wp\/v2\/pages\/53\/revisions"}],"predecessor-version":[{"id":292,"href":"https:\/\/proyectos.crue.org\/acreditacion\/wp-json\/wp\/v2\/pages\/53\/revisions\/292"}],"wp:attachment":[{"href":"https:\/\/proyectos.crue.org\/acreditacion\/wp-json\/wp\/v2\/media?parent=53"}],"curies":[{"name":"wp","href":"https:\/\/api.w.org\/{rel}","templated":true}]}}