{"id":40,"date":"2021-11-23T15:28:30","date_gmt":"2021-11-23T15:28:30","guid":{"rendered":"https:\/\/crue-mu.esferize.com\/?page_id=40"},"modified":"2025-11-13T16:35:23","modified_gmt":"2025-11-13T16:35:23","slug":"comision-para-el-analisis-y-estudio-de-la-acreditacion-y-formacion-en-idiomas","status":"publish","type":"page","link":"https:\/\/proyectos.crue.org\/acreditacion\/comision-para-el-analisis-y-estudio-de-la-acreditacion-y-formacion-en-idiomas\/","title":{"rendered":"Comisi\u00f3n para el An\u00e1lisis y el Estudio de la Acreditaci\u00f3n y Formaci\u00f3n en Idiomas"},"content":{"rendered":"\n<p>Comisi\u00f3n para el An\u00e1lisis y el Estudio de la Acreditaci\u00f3n y Formaci\u00f3n en Idiomas<\/p>\n\n\n\n<p>Composici\u00f3n:<\/p>\n\n\n\n<ul class=\"wp-block-list\">\n<li>D. Jaime Olmedo, rector de la Universidad Camilo Jos\u00e9 Cela<\/li>\n\n\n\n<li>Representante de Crue-Docencia: vacante<\/li>\n\n\n\n<li>D.&nbsp;Ernesto Xos\u00e9 Gonz\u00e1lez Seoane,&nbsp;en representaci\u00f3n de Crue-Profesorado. Vicerrector de Profesorado de la Universidade de Santiago de Compostela<\/li>\n\n\n\n<li>D\u00f1a. Paloma Castro, en representaci\u00f3n de Crue-Internacionalizaci\u00f3n y Cooperaci\u00f3n. Vicerrectora de Internacionalizaci\u00f3n de la Universidad de Valladolid<\/li>\n\n\n\n<li>D\u00f1a. Mar\u00eda Bobadilla, adjunta de Pol\u00edtica Internacional del Vicerrectorado de Internacionalizaci\u00f3n de la Universidade da Coru\u00f1a<\/li>\n<\/ul>\n\n\n\n<p>M\u00e1s las coordinadoras y coordinadores de las Mesas Ling\u00fc\u00edsticas de CRUE<\/p>\n","protected":false},"excerpt":{"rendered":"<p>Comisi\u00f3n para el An\u00e1lisis y el Estudio de la Acreditaci\u00f3n y Formaci\u00f3n en Idiomas Composici\u00f3n: M\u00e1s las coordinadoras y coordinadores de las Mesas Ling\u00fc\u00edsticas de CRUE<\/p>\n","protected":false},"author":4,"featured_media":0,"parent":0,"menu_order":0,"comment_status":"closed","ping_status":"closed","template":"","meta":{"_acf_changed":false,"footnotes":""},"class_list":["post-40","page","type-page","status-publish","hentry"],"acf":[],"_links":{"self":[{"href":"https:\/\/proyectos.crue.org\/acreditacion\/wp-json\/wp\/v2\/pages\/40","targetHints":{"allow":["GET"]}}],"collection":[{"href":"https:\/\/proyectos.crue.org\/acreditacion\/wp-json\/wp\/v2\/pages"}],"about":[{"href":"https:\/\/proyectos.crue.org\/acreditacion\/wp-json\/wp\/v2\/types\/page"}],"author":[{"embeddable":true,"href":"https:\/\/proyectos.crue.org\/acreditacion\/wp-json\/wp\/v2\/users\/4"}],"replies":[{"embeddable":true,"href":"https:\/\/proyectos.crue.org\/acreditacion\/wp-json\/wp\/v2\/comments?post=40"}],"version-history":[{"count":12,"href":"https:\/\/proyectos.crue.org\/acreditacion\/wp-json\/wp\/v2\/pages\/40\/revisions"}],"predecessor-version":[{"id":289,"href":"https:\/\/proyectos.crue.org\/acreditacion\/wp-json\/wp\/v2\/pages\/40\/revisions\/289"}],"wp:attachment":[{"href":"https:\/\/proyectos.crue.org\/acreditacion\/wp-json\/wp\/v2\/media?parent=40"}],"curies":[{"name":"wp","href":"https:\/\/api.w.org\/{rel}","templated":true}]}}