{"id":136,"date":"2022-02-15T17:23:48","date_gmt":"2022-02-15T17:23:48","guid":{"rendered":"https:\/\/proyectos.crue.org\/acreditacion\/?page_id=136"},"modified":"2025-11-13T16:39:35","modified_gmt":"2025-11-13T16:39:35","slug":"italiano","status":"publish","type":"page","link":"https:\/\/proyectos.crue.org\/acreditacion\/italiano\/","title":{"rendered":"Italiano"},"content":{"rendered":"\n<p>Italiano &#8211;&nbsp;Composici\u00f3n de la mesa<\/p>\n\n\n\n<figure class=\"wp-block-table is-style-crue-tabla-franjas-remarcada\"><table><tbody><tr><td>D. Ces\u00e1reo Calvo Rigual (Coordinador)<br>Universitat de Val\u00e8ncia<\/td><\/tr><tr><td>D. Giovanni Caprera<br>Universidad de M\u00e1laga<\/td><\/tr><tr><td>D\u00f1a. M\u00aa Teresa Sanmarco<br>Universidade de Santiago de Compostela<\/td><\/tr><tr><td>D\u00f1a. Leonarda Trapassi<br>Universidad de Sevilla<\/td><\/tr><tr><td>D\u00f1a. Paola Vecchio (Responsable del PLIDA)<br> Societ\u00e0 Dante Alighieri<\/td><\/tr><tr><td>D\u00f1a. Fiammetta Cincera (Representante de ACLES)<\/td><\/tr><\/tbody><\/table><figcaption class=\"wp-element-caption\">Recomendaci\u00f3n: *CRUE solo considera c\u00f3mo v\u00e1lidos los ex\u00e1menes realizados de forma presencial<\/figcaption><\/figure>\n\n\n\n<p><a href=\"https:\/\/proyectos.crue.org\/acreditacion\/wp-content\/uploads\/sites\/3\/2024\/07\/Tabla-Equivalencia-Certificados-Italiano.pdf\"><strong>Certificados para la acreditaci\u00f3n de niveles de italiano<\/strong><\/a><\/p>\n","protected":false},"excerpt":{"rendered":"<p>Italiano &#8211;&nbsp;Composici\u00f3n de la mesa D. Ces\u00e1reo Calvo Rigual (Coordinador)Universitat de Val\u00e8ncia D. Giovanni CapreraUniversidad de M\u00e1laga D\u00f1a. M\u00aa Teresa SanmarcoUniversidade de Santiago de Compostela D\u00f1a. Leonarda TrapassiUniversidad de Sevilla D\u00f1a. Paola Vecchio (Responsable del PLIDA) Societ\u00e0 Dante Alighieri D\u00f1a. Fiammetta Cincera (Representante de ACLES) Recomendaci\u00f3n: *CRUE solo considera c\u00f3mo v\u00e1lidos los ex\u00e1menes realizados de &hellip; <\/p>\n<p class=\"link-more\"><a href=\"https:\/\/proyectos.crue.org\/acreditacion\/italiano\/\" class=\"more-link\">Continuar leyendo<span class=\"screen-reader-text\"> \u00abItaliano\u00bb<\/span><\/a><\/p>\n","protected":false},"author":3,"featured_media":0,"parent":0,"menu_order":0,"comment_status":"closed","ping_status":"closed","template":"","meta":{"_acf_changed":false,"footnotes":""},"class_list":["post-136","page","type-page","status-publish","hentry"],"acf":[],"_links":{"self":[{"href":"https:\/\/proyectos.crue.org\/acreditacion\/wp-json\/wp\/v2\/pages\/136","targetHints":{"allow":["GET"]}}],"collection":[{"href":"https:\/\/proyectos.crue.org\/acreditacion\/wp-json\/wp\/v2\/pages"}],"about":[{"href":"https:\/\/proyectos.crue.org\/acreditacion\/wp-json\/wp\/v2\/types\/page"}],"author":[{"embeddable":true,"href":"https:\/\/proyectos.crue.org\/acreditacion\/wp-json\/wp\/v2\/users\/3"}],"replies":[{"embeddable":true,"href":"https:\/\/proyectos.crue.org\/acreditacion\/wp-json\/wp\/v2\/comments?post=136"}],"version-history":[{"count":12,"href":"https:\/\/proyectos.crue.org\/acreditacion\/wp-json\/wp\/v2\/pages\/136\/revisions"}],"predecessor-version":[{"id":296,"href":"https:\/\/proyectos.crue.org\/acreditacion\/wp-json\/wp\/v2\/pages\/136\/revisions\/296"}],"wp:attachment":[{"href":"https:\/\/proyectos.crue.org\/acreditacion\/wp-json\/wp\/v2\/media?parent=136"}],"curies":[{"name":"wp","href":"https:\/\/api.w.org\/{rel}","templated":true}]}}